{"id":5191,"date":"2020-03-12T13:58:20","date_gmt":"2020-03-12T13:58:20","guid":{"rendered":"http:\/\/perspekt-initiative.de\/?page_id=5191"},"modified":"2023-08-30T12:30:04","modified_gmt":"2023-08-30T12:30:04","slug":"impressum","status":"publish","type":"page","link":"https:\/\/perspekt-initiative.de\/en\/impressum\/","title":{"rendered":"Legal Notice"},"content":{"rendered":"<div data-elementor-type=\"wp-page\" data-elementor-id=\"5191\" class=\"elementor elementor-5191\">\n\t\t\t\t\t\t<section class=\"has_eae_slider elementor-section elementor-top-section elementor-element elementor-element-11ba1eec elementor-section-boxed elementor-section-height-default elementor-section-height-default\" data-eae-slider=\"13591\" data-id=\"11ba1eec\" data-element_type=\"section\" data-e-type=\"section\">\n\t\t\t\t\t\t<div class=\"elementor-container elementor-column-gap-default\">\n\t\t\t\t\t<div class=\"has_eae_slider elementor-column elementor-col-100 elementor-top-column elementor-element elementor-element-2f914129 column-style-top column-top\" data-eae-slider=\"17755\" data-id=\"2f914129\" data-element_type=\"column\" data-e-type=\"column\">\n\t\t\t<div class=\"elementor-widget-wrap elementor-element-populated\">\n\t\t\t\t\t\t<div class=\"elementor-element elementor-element-7d077053 elementor-widget elementor-widget-spacer\" data-id=\"7d077053\" data-element_type=\"widget\" data-e-type=\"widget\" data-widget_type=\"spacer.default\">\n\t\t\t\t<div class=\"elementor-widget-container\">\n\t\t\t\t\t\t\t<div class=\"elementor-spacer\">\n\t\t\t<div class=\"elementor-spacer-inner\"><\/div>\n\t\t<\/div>\n\t\t\t\t\t\t<\/div>\n\t\t\t\t<\/div>\n\t\t\t\t\t<\/div>\n\t\t<\/div>\n\t\t\t\t\t<\/div>\n\t\t<\/section>\n\t\t\t\t<section class=\"has_eae_slider elementor-section elementor-top-section elementor-element elementor-element-4843d084 elementor-section-boxed elementor-section-height-default elementor-section-height-default\" data-eae-slider=\"56250\" data-id=\"4843d084\" data-element_type=\"section\" data-e-type=\"section\">\n\t\t\t\t\t\t<div class=\"elementor-container elementor-column-gap-default\">\n\t\t\t\t\t<div class=\"has_eae_slider elementor-column elementor-col-100 elementor-top-column elementor-element elementor-element-40bc37b9 column-style-top column-top\" data-eae-slider=\"46506\" data-id=\"40bc37b9\" data-element_type=\"column\" data-e-type=\"column\">\n\t\t\t<div class=\"elementor-widget-wrap elementor-element-populated\">\n\t\t\t\t\t\t<div class=\"elementor-element elementor-element-6b466e23 elementor-widget elementor-widget-spacer\" data-id=\"6b466e23\" data-element_type=\"widget\" data-e-type=\"widget\" data-widget_type=\"spacer.default\">\n\t\t\t\t<div class=\"elementor-widget-container\">\n\t\t\t\t\t\t\t<div class=\"elementor-spacer\">\n\t\t\t<div class=\"elementor-spacer-inner\"><\/div>\n\t\t<\/div>\n\t\t\t\t\t\t<\/div>\n\t\t\t\t<\/div>\n\t\t\t\t\t<\/div>\n\t\t<\/div>\n\t\t\t\t\t<\/div>\n\t\t<\/section>\n\t\t\t\t<section class=\"has_eae_slider elementor-section elementor-top-section elementor-element elementor-element-15712c6c elementor-section-boxed elementor-section-height-default elementor-section-height-default\" data-eae-slider=\"22505\" data-id=\"15712c6c\" data-element_type=\"section\" data-e-type=\"section\">\n\t\t\t\t\t\t<div class=\"elementor-container elementor-column-gap-default\">\n\t\t\t\t\t<div class=\"has_eae_slider elementor-column elementor-col-100 elementor-top-column elementor-element elementor-element-6055119a column-style-top column-top\" data-eae-slider=\"49286\" data-id=\"6055119a\" data-element_type=\"column\" data-e-type=\"column\">\n\t\t\t<div class=\"elementor-widget-wrap elementor-element-populated\">\n\t\t\t\t\t\t<div class=\"elementor-element elementor-element-4f952ffe elementor-widget elementor-widget-heading\" data-id=\"4f952ffe\" data-element_type=\"widget\" data-e-type=\"widget\" data-widget_type=\"heading.default\">\n\t\t\t\t<div class=\"elementor-widget-container\">\n\t\t\t\t\t<h1 class=\"elementor-heading-title elementor-size-default\">Legal Notice<\/h1>\t\t\t\t<\/div>\n\t\t\t\t<\/div>\n\t\t\t\t\t<\/div>\n\t\t<\/div>\n\t\t\t\t\t<\/div>\n\t\t<\/section>\n\t\t\t\t<section class=\"has_eae_slider elementor-section elementor-top-section elementor-element elementor-element-1ed2ede elementor-section-boxed elementor-section-height-default elementor-section-height-default\" data-eae-slider=\"58062\" data-id=\"1ed2ede\" data-element_type=\"section\" data-e-type=\"section\">\n\t\t\t\t\t\t<div class=\"elementor-container elementor-column-gap-default\">\n\t\t\t\t\t\t<\/div>\n\t\t<\/section>\n\t\t\t\t<section class=\"has_eae_slider elementor-section elementor-top-section elementor-element elementor-element-3cccc321 elementor-section-boxed elementor-section-height-default elementor-section-height-default\" data-eae-slider=\"15664\" data-id=\"3cccc321\" data-element_type=\"section\" data-e-type=\"section\">\n\t\t\t\t\t\t<div class=\"elementor-container elementor-column-gap-default\">\n\t\t\t\t\t<div class=\"has_eae_slider elementor-column elementor-col-100 elementor-top-column elementor-element elementor-element-4e816e4a column-style-top column-top\" data-eae-slider=\"32435\" data-id=\"4e816e4a\" data-element_type=\"column\" data-e-type=\"column\">\n\t\t\t<div class=\"elementor-widget-wrap elementor-element-populated\">\n\t\t\t\t\t\t<div class=\"elementor-element elementor-element-15636678 elementor-widget elementor-widget-text-editor\" data-id=\"15636678\" data-element_type=\"widget\" data-e-type=\"widget\" data-widget_type=\"text-editor.default\">\n\t\t\t\t<div class=\"elementor-widget-container\">\n\t\t\t\t\t\t\t\t\t<p>Angaben gem\u00e4\u00df \u00a7 5 TMG:<\/p><p><strong>Perspekt Initiative gUG (haftungsbeschr\u00e4nkt)<br \/><\/strong><\/p><p>Bodenstedtstr.16<br \/>Hinterhof Eingang a<br \/>22765 Hamburg<\/p><p><blockquote class=\"wp-embedded-content\" data-secret=\"rlBEX6YYTA\"><a href=\"https:\/\/perspekt-initiative.de\/en\/\">Home<\/a><\/blockquote><iframe title=\"&#8222;Home&#8220; &#8212; Perspekt Initiative\" class=\"wp-embedded-content\" sandbox=\"allow-scripts\" security=\"restricted\" style=\"position: absolute; clip: rect(1px, 1px, 1px, 1px);\" src=\"https:\/\/perspekt-initiative.de\/embed\/#?secret=rlBEX6YYTA\" data-secret=\"rlBEX6YYTA\" width=\"600\" height=\"338\" frameborder=\"0\" marginwidth=\"0\" marginheight=\"0\" scrolling=\"no\"><\/iframe><\/p><p><img decoding=\"async\" class=\"alignnone wp-image-5243\" src=\"http:\/\/perspekt-initiative.de\/wp-content\/uploads\/2015\/12\/Perspekt-Info-Mailadresse.png\" alt=\"\" width=\"195\" height=\"19\" \/><br \/>Vertretungsberechtigte Gesch\u00e4ftsf\u00fchrerin: Suna Vo\u00df<br \/>Registernummer: HRB 162599<br \/>Amtsgericht Hamburg<\/p>\t\t\t\t\t\t\t\t<\/div>\n\t\t\t\t<\/div>\n\t\t\t\t\t<\/div>\n\t\t<\/div>\n\t\t\t\t\t<\/div>\n\t\t<\/section>\n\t\t\t\t<\/div>","protected":false},"excerpt":{"rendered":"<p>Impressum Angaben gem\u00e4\u00df \u00a7 5 TMG: Perspekt Initiative gUG (haftungsbeschr\u00e4nkt) Bodenstedtstr.16Hinterhof Eingang a22765 Hamburg Home Vertretungsberechtigte Gesch\u00e4ftsf\u00fchrerin: Suna Vo\u00dfRegisternummer: HRB 162599Amtsgericht Hamburg<\/p>","protected":false},"author":1,"featured_media":0,"parent":0,"menu_order":1,"comment_status":"closed","ping_status":"closed","template":"","meta":{"footnotes":""},"class_list":["post-5191","page","type-page","status-publish","hentry"],"yoast_head":"<!-- This site is optimized with the Yoast SEO plugin v27.4 - https:\/\/yoast.com\/product\/yoast-seo-wordpress\/ -->\n<title>Impressum - Perspekt Initiative<\/title>\n<meta name=\"robots\" content=\"index, follow, max-snippet:-1, max-image-preview:large, max-video-preview:-1\" \/>\n<link rel=\"canonical\" href=\"https:\/\/perspekt-initiative.de\/en\/impressum\/\" \/>\n<meta property=\"og:locale\" content=\"en_GB\" \/>\n<meta property=\"og:type\" content=\"article\" \/>\n<meta property=\"og:title\" content=\"Impressum - Perspekt Initiative\" \/>\n<meta property=\"og:description\" content=\"Impressum Angaben gem\u00e4\u00df \u00a7 5 TMG: Perspekt Initiative gUG (haftungsbeschr\u00e4nkt) Bodenstedtstr.16Hinterhof Eingang a22765 Hamburg Home Vertretungsberechtigte Gesch\u00e4ftsf\u00fchrerin: Suna Vo\u00dfRegisternummer: HRB 162599Amtsgericht Hamburg\" \/>\n<meta property=\"og:url\" content=\"https:\/\/perspekt-initiative.de\/en\/impressum\/\" \/>\n<meta property=\"og:site_name\" content=\"Perspekt Initiative\" \/>\n<meta property=\"article:modified_time\" content=\"2023-08-30T12:30:04+00:00\" \/>\n<meta property=\"og:image\" content=\"http:\/\/perspekt-initiative.de\/wp-content\/uploads\/2015\/12\/Perspekt-Info-Mailadresse.png\" \/>\n<meta name=\"twitter:card\" content=\"summary_large_image\" \/>\n<meta name=\"twitter:label1\" content=\"Estimated reading time\" \/>\n\t<meta name=\"twitter:data1\" content=\"1 minute\" \/>\n<script type=\"application\/ld+json\" class=\"yoast-schema-graph\">{\"@context\":\"https:\\\/\\\/schema.org\",\"@graph\":[{\"@type\":\"WebPage\",\"@id\":\"https:\\\/\\\/perspekt-initiative.de\\\/impressum\\\/\",\"url\":\"https:\\\/\\\/perspekt-initiative.de\\\/impressum\\\/\",\"name\":\"Impressum - Perspekt Initiative\",\"isPartOf\":{\"@id\":\"https:\\\/\\\/perspekt-initiative.de\\\/#website\"},\"primaryImageOfPage\":{\"@id\":\"https:\\\/\\\/perspekt-initiative.de\\\/impressum\\\/#primaryimage\"},\"image\":{\"@id\":\"https:\\\/\\\/perspekt-initiative.de\\\/impressum\\\/#primaryimage\"},\"thumbnailUrl\":\"http:\\\/\\\/perspekt-initiative.de\\\/wp-content\\\/uploads\\\/2015\\\/12\\\/Perspekt-Info-Mailadresse.png\",\"datePublished\":\"2020-03-12T13:58:20+00:00\",\"dateModified\":\"2023-08-30T12:30:04+00:00\",\"breadcrumb\":{\"@id\":\"https:\\\/\\\/perspekt-initiative.de\\\/impressum\\\/#breadcrumb\"},\"inLanguage\":\"en-GB\",\"potentialAction\":[{\"@type\":\"ReadAction\",\"target\":[\"https:\\\/\\\/perspekt-initiative.de\\\/impressum\\\/\"]}]},{\"@type\":\"ImageObject\",\"inLanguage\":\"en-GB\",\"@id\":\"https:\\\/\\\/perspekt-initiative.de\\\/impressum\\\/#primaryimage\",\"url\":\"http:\\\/\\\/perspekt-initiative.de\\\/wp-content\\\/uploads\\\/2015\\\/12\\\/Perspekt-Info-Mailadresse.png\",\"contentUrl\":\"http:\\\/\\\/perspekt-initiative.de\\\/wp-content\\\/uploads\\\/2015\\\/12\\\/Perspekt-Info-Mailadresse.png\"},{\"@type\":\"BreadcrumbList\",\"@id\":\"https:\\\/\\\/perspekt-initiative.de\\\/impressum\\\/#breadcrumb\",\"itemListElement\":[{\"@type\":\"ListItem\",\"position\":1,\"name\":\"Startseite\",\"item\":\"https:\\\/\\\/perspekt-initiative.de\\\/\"},{\"@type\":\"ListItem\",\"position\":2,\"name\":\"Impressum\"}]},{\"@type\":\"WebSite\",\"@id\":\"https:\\\/\\\/perspekt-initiative.de\\\/#website\",\"url\":\"https:\\\/\\\/perspekt-initiative.de\\\/\",\"name\":\"Perspekt Initiative\",\"description\":\"\",\"publisher\":{\"@id\":\"https:\\\/\\\/perspekt-initiative.de\\\/#organization\"},\"potentialAction\":[{\"@type\":\"SearchAction\",\"target\":{\"@type\":\"EntryPoint\",\"urlTemplate\":\"https:\\\/\\\/perspekt-initiative.de\\\/?s={search_term_string}\"},\"query-input\":{\"@type\":\"PropertyValueSpecification\",\"valueRequired\":true,\"valueName\":\"search_term_string\"}}],\"inLanguage\":\"en-GB\"},{\"@type\":\"Organization\",\"@id\":\"https:\\\/\\\/perspekt-initiative.de\\\/#organization\",\"name\":\"Perspekt Initiative\",\"url\":\"https:\\\/\\\/perspekt-initiative.de\\\/\",\"logo\":{\"@type\":\"ImageObject\",\"inLanguage\":\"en-GB\",\"@id\":\"https:\\\/\\\/perspekt-initiative.de\\\/#\\\/schema\\\/logo\\\/image\\\/\",\"url\":\"https:\\\/\\\/perspekt-initiative.de\\\/wp-content\\\/uploads\\\/2015\\\/12\\\/Perspekt_Favicon.jpg\",\"contentUrl\":\"https:\\\/\\\/perspekt-initiative.de\\\/wp-content\\\/uploads\\\/2015\\\/12\\\/Perspekt_Favicon.jpg\",\"width\":512,\"height\":512,\"caption\":\"Perspekt Initiative\"},\"image\":{\"@id\":\"https:\\\/\\\/perspekt-initiative.de\\\/#\\\/schema\\\/logo\\\/image\\\/\"}}]}<\/script>\n<!-- \/ Yoast SEO plugin. -->","yoast_head_json":{"title":"Impressum - Perspekt Initiative","robots":{"index":"index","follow":"follow","max-snippet":"max-snippet:-1","max-image-preview":"max-image-preview:large","max-video-preview":"max-video-preview:-1"},"canonical":"https:\/\/perspekt-initiative.de\/en\/impressum\/","og_locale":"en_GB","og_type":"article","og_title":"Impressum - Perspekt Initiative","og_description":"Impressum Angaben gem\u00e4\u00df \u00a7 5 TMG: Perspekt Initiative gUG (haftungsbeschr\u00e4nkt) Bodenstedtstr.16Hinterhof Eingang a22765 Hamburg Home Vertretungsberechtigte Gesch\u00e4ftsf\u00fchrerin: Suna Vo\u00dfRegisternummer: HRB 162599Amtsgericht Hamburg","og_url":"https:\/\/perspekt-initiative.de\/en\/impressum\/","og_site_name":"Perspekt Initiative","article_modified_time":"2023-08-30T12:30:04+00:00","og_image":[{"url":"http:\/\/perspekt-initiative.de\/wp-content\/uploads\/2015\/12\/Perspekt-Info-Mailadresse.png","type":"","width":"","height":""}],"twitter_card":"summary_large_image","twitter_misc":{"Estimated reading time":"1 minute"},"schema":{"@context":"https:\/\/schema.org","@graph":[{"@type":"WebPage","@id":"https:\/\/perspekt-initiative.de\/impressum\/","url":"https:\/\/perspekt-initiative.de\/impressum\/","name":"Impressum - Perspekt Initiative","isPartOf":{"@id":"https:\/\/perspekt-initiative.de\/#website"},"primaryImageOfPage":{"@id":"https:\/\/perspekt-initiative.de\/impressum\/#primaryimage"},"image":{"@id":"https:\/\/perspekt-initiative.de\/impressum\/#primaryimage"},"thumbnailUrl":"http:\/\/perspekt-initiative.de\/wp-content\/uploads\/2015\/12\/Perspekt-Info-Mailadresse.png","datePublished":"2020-03-12T13:58:20+00:00","dateModified":"2023-08-30T12:30:04+00:00","breadcrumb":{"@id":"https:\/\/perspekt-initiative.de\/impressum\/#breadcrumb"},"inLanguage":"en-GB","potentialAction":[{"@type":"ReadAction","target":["https:\/\/perspekt-initiative.de\/impressum\/"]}]},{"@type":"ImageObject","inLanguage":"en-GB","@id":"https:\/\/perspekt-initiative.de\/impressum\/#primaryimage","url":"http:\/\/perspekt-initiative.de\/wp-content\/uploads\/2015\/12\/Perspekt-Info-Mailadresse.png","contentUrl":"http:\/\/perspekt-initiative.de\/wp-content\/uploads\/2015\/12\/Perspekt-Info-Mailadresse.png"},{"@type":"BreadcrumbList","@id":"https:\/\/perspekt-initiative.de\/impressum\/#breadcrumb","itemListElement":[{"@type":"ListItem","position":1,"name":"Startseite","item":"https:\/\/perspekt-initiative.de\/"},{"@type":"ListItem","position":2,"name":"Impressum"}]},{"@type":"WebSite","@id":"https:\/\/perspekt-initiative.de\/#website","url":"https:\/\/perspekt-initiative.de\/","name":"Perspekt Initiative","description":"","publisher":{"@id":"https:\/\/perspekt-initiative.de\/#organization"},"potentialAction":[{"@type":"SearchAction","target":{"@type":"EntryPoint","urlTemplate":"https:\/\/perspekt-initiative.de\/?s={search_term_string}"},"query-input":{"@type":"PropertyValueSpecification","valueRequired":true,"valueName":"search_term_string"}}],"inLanguage":"en-GB"},{"@type":"Organization","@id":"https:\/\/perspekt-initiative.de\/#organization","name":"Perspekt Initiative","url":"https:\/\/perspekt-initiative.de\/","logo":{"@type":"ImageObject","inLanguage":"en-GB","@id":"https:\/\/perspekt-initiative.de\/#\/schema\/logo\/image\/","url":"https:\/\/perspekt-initiative.de\/wp-content\/uploads\/2015\/12\/Perspekt_Favicon.jpg","contentUrl":"https:\/\/perspekt-initiative.de\/wp-content\/uploads\/2015\/12\/Perspekt_Favicon.jpg","width":512,"height":512,"caption":"Perspekt Initiative"},"image":{"@id":"https:\/\/perspekt-initiative.de\/#\/schema\/logo\/image\/"}}]}},"_links":{"self":[{"href":"https:\/\/perspekt-initiative.de\/en\/wp-json\/wp\/v2\/pages\/5191","targetHints":{"allow":["GET"]}}],"collection":[{"href":"https:\/\/perspekt-initiative.de\/en\/wp-json\/wp\/v2\/pages"}],"about":[{"href":"https:\/\/perspekt-initiative.de\/en\/wp-json\/wp\/v2\/types\/page"}],"author":[{"embeddable":true,"href":"https:\/\/perspekt-initiative.de\/en\/wp-json\/wp\/v2\/users\/1"}],"replies":[{"embeddable":true,"href":"https:\/\/perspekt-initiative.de\/en\/wp-json\/wp\/v2\/comments?post=5191"}],"version-history":[{"count":17,"href":"https:\/\/perspekt-initiative.de\/en\/wp-json\/wp\/v2\/pages\/5191\/revisions"}],"predecessor-version":[{"id":5703,"href":"https:\/\/perspekt-initiative.de\/en\/wp-json\/wp\/v2\/pages\/5191\/revisions\/5703"}],"wp:attachment":[{"href":"https:\/\/perspekt-initiative.de\/en\/wp-json\/wp\/v2\/media?parent=5191"}],"curies":[{"name":"wp","href":"https:\/\/api.w.org\/{rel}","templated":true}]}}