{"id":5175,"date":"2020-03-12T13:34:12","date_gmt":"2020-03-12T13:34:12","guid":{"rendered":"http:\/\/perspekt-initiative.de\/?page_id=5175"},"modified":"2020-10-09T17:26:31","modified_gmt":"2020-10-09T17:26:31","slug":"datenschutz","status":"publish","type":"page","link":"https:\/\/perspekt-initiative.de\/en\/kontakt\/datenschutz\/","title":{"rendered":"Privacy"},"content":{"rendered":"<h1>Datenschutzerkl\u00e4rung<\/h1>\n<p><strong>Allgemeiner Hinweis und Pflichtinformationen<\/strong><\/p>\n<p>Die verantwortliche Stelle f\u00fcr die Datenverarbeitung auf dieser Website ist:<\/p>\n<p>Perspekt Initiative gUG (haftungsbeschr\u00e4nkt)<br \/>\nDeichstr. 41<br \/>\n20459 Hamburg<\/p>\n<p>Die verantwortliche Stelle entscheidet allein oder gemeinsam mit anderen \u00fcber die Zwecke und Mittel der Verarbeitung von personenbezogenen Daten (z.B. Namen, Kontaktdaten o. \u00c4.).<\/p>\n<p><strong>Widerruf Ihrer Einwilligung zur Datenverarbeitung<\/strong><br \/>\nNur mit Ihrer ausdr\u00fccklichen Einwilligung sind einige Vorg\u00e4nge der Datenverarbeitung m\u00f6glich. Ein Widerruf Ihrer bereits erteilten Einwilligung ist jederzeit m\u00f6glich. F\u00fcr den Widerruf gen\u00fcgt eine formlose Mitteilung per E-Mail. Die Rechtm\u00e4\u00dfigkeit der bis zum Widerruf erfolgten Datenverarbeitung bleibt vom Widerruf unber\u00fchrt.<\/p>\n<p><strong>Recht auf Beschwerde bei der zust\u00e4ndigen Aufsichtsbeh\u00f6rde<\/strong><br \/>\nAls Betroffener steht Ihnen im Falle eines datenschutzrechtlichen Versto\u00dfes ein Beschwerderecht bei der zust\u00e4ndigen Aufsichtsbeh\u00f6rde zu. Zust\u00e4ndige Aufsichtsbeh\u00f6rde bez\u00fcglich datenschutzrechtlicher Fragen ist der Landesdatenschutzbeauftragte des Bundeslandes, in dem sich der Sitz unseres Unternehmens befindet. Der folgende Link stellt eine Liste der Datenschutzbeauftragten sowie deren Kontaktdaten bereit: https:\/\/www.bfdi.bund.de\/DE\/Infothek\/Anschriften_Links\/anschriften_links-node.html.<\/p>\n<p><strong>Recht auf Daten\u00fcbertragbarkeit<\/strong><br \/>\nIhnen steht das Recht zu, Daten, die wir auf Grundlage Ihrer Einwilligung oder in Erf\u00fcllung eines Vertrags automatisiert verarbeiten, an sich oder an Dritte aush\u00e4ndigen zu lassen. Die Bereitstellung erfolgt in einem maschinenlesbaren Format. Sofern Sie die direkte \u00dcbertragung der Daten an einen anderen Verantwortlichen verlangen, erfolgt dies nur, soweit es technisch machbar ist.<\/p>\n<p><strong>Recht auf Auskunft, Berichtigung, Sperrung, L\u00f6schung<\/strong><br \/>\nSie haben jederzeit im Rahmen der geltenden gesetzlichen Bestimmungen das Recht auf unentgeltliche Auskunft \u00fcber Ihre gespeicherten personenbezogenen Daten, Herkunft der Daten, deren Empf\u00e4nger und den Zweck der Datenverarbeitung und ggf. ein Recht auf Berichtigung, Sperrung oder L\u00f6schung dieser Daten. Diesbez\u00fcglich und auch zu weiteren Fragen zum Thema personenbezogene Daten k\u00f6nnen Sie sich jederzeit \u00fcber die im Impressum aufgef\u00fchrten Kontaktm\u00f6glichkeiten an uns wenden.<\/p>\n<p><strong>SSL-Verschl\u00fcsselung<\/strong><br \/>\nAus Sicherheitsgr\u00fcnden und zum Schutz der \u00dcbertragung vertraulicher Inhalte, die Sie an uns als Seitenbetreiber senden, nutzt unsere Website eine SSL-Verschl\u00fcsselung. Damit sind Daten, die Sie \u00fcber diese Website \u00fcbermitteln, f\u00fcr Dritte nicht mitlesbar. Sie erkennen eine verschl\u00fcsselte Verbindung an der \u201ehttps:\/\/\u201c Adresszeile Ihres Browsers und am Schloss-Symbol in der Browserzeile.<\/p>\n<p><strong>Server-Log-Dateien<\/strong><br \/>\nIn Server-Log-Dateien erhebt und speichert der Provider der Website automatisch Informationen, die Ihr Browser automatisch an uns \u00fcbermittelt. Dies sind: Besuchte Seite auf unserer Domain, Datum und Uhrzeit der Serveranfrage, Browsertyp und Browserversion, Verwendetes Betriebssystem, Referrer URL, Hostname des zugreifenden Rechners sowie IP-Adresse. Es findet keine Zusammenf\u00fchrung dieser Daten mit anderen Datenquellen statt. Grundlage der Datenverarbeitung bildet Art. 6 Abs. 1 lit. b DSGVO, der die Verarbeitung von Daten zur Erf\u00fcllung eines Vertrags oder vorvertraglicher Ma\u00dfnahmen gestattet.<\/p>\n<p><strong>Kontaktformular<\/strong><br \/>\nPer Kontaktformular \u00fcbermittelte Daten werden einschlie\u00dflich Ihrer Kontaktdaten gespeichert, um Ihre Anfrage bearbeiten zu k\u00f6nnen oder um f\u00fcr Anschlussfragen bereitzustehen. Eine Weitergabe dieser Daten findet ohne Ihre Einwilligung nicht statt.<br \/>\nDie Verarbeitung der in das Kontaktformular eingegebenen Daten erfolgt ausschlie\u00dflich auf Grundlage Ihrer Einwilligung (Art. 6 Abs. 1 lit. a DSGVO). Ein Widerruf Ihrer bereits erteilten Einwilligung ist jederzeit m\u00f6glich. F\u00fcr den Widerruf gen\u00fcgt eine formlose Mitteilung per E-Mail. Die Rechtm\u00e4\u00dfigkeit der bis zum Widerruf erfolgten Datenverarbeitungsvorg\u00e4nge bleibt vom Widerruf unber\u00fchrt.<br \/>\n\u00dcber das Kontaktformular \u00fcbermittelte Daten verbleiben bei uns, bis Sie uns zur L\u00f6schung auffordern, Ihre Einwilligung zur Speicherung widerrufen oder keine Notwendigkeit der Datenspeicherung mehr besteht. Zwingende gesetzliche Bestimmungen &#8211; insbesondere Aufbewahrungsfristen &#8211; bleiben unber\u00fchrt.<\/p>\n<p><strong>Google Web Fonts<\/strong><br \/>\nUnsere Website verwendet Web Fonts von Google. Anbieter ist die Google Inc., 1600 Amphitheatre Parkway, Mountain View, CA 94043, USA.<br \/>\nDurch den Einsatz dieser Web Fonts wird es m\u00f6glich Ihnen die von uns gew\u00fcnschte Darstellung unserer Website zu pr\u00e4sentieren, unabh\u00e4ngig davon welche Schriften Ihnen lokal zur Verf\u00fcgung stehen. Dies erfolgt \u00fcber den Abruf der Google Web Fonts von einem Server von Google in den USA und der damit verbundenen Weitergabe Ihre Daten an Google. Dabei handelt es sich um Ihre IP-Adresse und welche Seite Sie bei uns besucht haben. Der Einsatz von Google Web Fonts erfolgt auf Grundlage von Art. 6 Abs. 1 lit. f DSGVO.<br \/>\nDas Unternehmen Google ist f\u00fcr das us-europ\u00e4ische Datenschutz\u00fcbereinkommen &#8222;Privacy Shield&#8220; zertifiziert. Dieses Datenschutz\u00fcbereinkommen soll die Einhaltung des in der EU geltenden Datenschutzniveaus gew\u00e4hrleisten.<br \/>\nEinzelheiten \u00fcber Google Web Fonts finden Sie unter: https:\/\/www.google.com\/fonts#AboutPlace:about und weitere Informationen in den Datenschutzbestimmungen von Google: https:\/\/policies.google.com\/privacy\/partners?hl=de<\/p>\n<p><strong>Matomo (ehemals Piwik)<\/strong><br \/>\nUnsere Website verwendet den Webanalysedienst Matomo. Matomo ist eine Open Source L\u00f6sung. Matomo verwendet Cookies. Das sind kleine Textdateien, die Ihr Webbrowser auf Ihrem Endger\u00e4t speichert und die eine Analyse der Website-Benutzung erm\u00f6glichen. Mittels Cookie erzeugte Informationen \u00fcber die Benutzung unserer Website werden auf unserem Server gespeichert. Vor der Speicherung erfolgt eine Anonymisierung Ihrer IP-Adresse. Cookies von Matomo verbleiben auf Ihrem Endger\u00e4t, bis Sie eine L\u00f6schung vornehmen. Das Setzen von Matomo-Cookies erfolgt auf Grundlage von Art. 6 Abs. 1 lit. f DSGVO. Als Betreiber dieser Website haben wir ein berechtigtes Interesse an der anonymisierten Analyse des Nutzungsverhaltens, um unser Webangebot zu optimieren.<\/p>\n<p>Es erfolgt keine Weitergabe der im Matomo-Cookie gespeicherten Informationen \u00fcber die Benutzung dieser Website. Das Setzen von Cookies durch Ihren Webbrowser ist verhinderbar. Einige Funktionen unserer Website k\u00f6nnten dadurch jedoch eingeschr\u00e4nkt werden.<\/p>\n<p>Sie k\u00f6nnen hier die Speicherung und Nutzung Ihrer Daten deaktivieren. Ihr Browser setzt ein Opt-Out-Cookie, welches die Speicherung von Matomo Nutzungsdaten unterbindet. Wenn Sie Ihre Cookies l\u00f6schen, wird auch das Matomo Opt-Out-Cookie entfernt. Bei einem erneuten Besuch unserer Website ist das Opt-Out-Cookie zur Unterbindung der Speicherung und Nutzung Ihrer Daten erneut zu setzen.<\/p>","protected":false},"excerpt":{"rendered":"<p>Datenschutzerkl\u00e4rung Allgemeiner Hinweis und Pflichtinformationen Die verantwortliche Stelle f\u00fcr die Datenverarbeitung auf dieser Website ist: Perspekt Initiative gUG (haftungsbeschr\u00e4nkt) Deichstr. 41 20459 Hamburg Die verantwortliche Stelle entscheidet allein oder gemeinsam mit anderen \u00fcber die Zwecke und Mittel der Verarbeitung von personenbezogenen Daten (z.B. Namen, Kontaktdaten o. \u00c4.). Widerruf Ihrer Einwilligung zur Datenverarbeitung Nur mit Ihrer [&hellip;]<\/p>\n","protected":false},"author":1,"featured_media":0,"parent":5180,"menu_order":1,"comment_status":"closed","ping_status":"closed","template":"","meta":{"footnotes":""},"class_list":["post-5175","page","type-page","status-publish","hentry"],"yoast_head":"<!-- This site is optimized with the Yoast SEO plugin v27.4 - https:\/\/yoast.com\/product\/yoast-seo-wordpress\/ -->\n<title>Datenschutz - Perspekt Initiative<\/title>\n<meta name=\"robots\" content=\"index, follow, max-snippet:-1, max-image-preview:large, max-video-preview:-1\" \/>\n<link rel=\"canonical\" href=\"https:\/\/perspekt-initiative.de\/en\/kontakt\/datenschutz\/\" \/>\n<meta property=\"og:locale\" content=\"en_GB\" \/>\n<meta property=\"og:type\" content=\"article\" \/>\n<meta property=\"og:title\" content=\"Datenschutz - Perspekt Initiative\" \/>\n<meta property=\"og:description\" content=\"Datenschutzerkl\u00e4rung Allgemeiner Hinweis und Pflichtinformationen Die verantwortliche Stelle f\u00fcr die Datenverarbeitung auf dieser Website ist: Perspekt Initiative gUG (haftungsbeschr\u00e4nkt) Deichstr. 41 20459 Hamburg Die verantwortliche Stelle entscheidet allein oder gemeinsam mit anderen \u00fcber die Zwecke und Mittel der Verarbeitung von personenbezogenen Daten (z.B. Namen, Kontaktdaten o. \u00c4.). Widerruf Ihrer Einwilligung zur Datenverarbeitung Nur mit Ihrer [&hellip;]\" \/>\n<meta property=\"og:url\" content=\"https:\/\/perspekt-initiative.de\/en\/kontakt\/datenschutz\/\" \/>\n<meta property=\"og:site_name\" content=\"Perspekt Initiative\" \/>\n<meta property=\"article:modified_time\" content=\"2020-10-09T17:26:31+00:00\" \/>\n<meta name=\"twitter:card\" content=\"summary_large_image\" \/>\n<meta name=\"twitter:label1\" content=\"Estimated reading time\" \/>\n\t<meta name=\"twitter:data1\" content=\"5 minutes\" \/>\n<script type=\"application\/ld+json\" class=\"yoast-schema-graph\">{\"@context\":\"https:\\\/\\\/schema.org\",\"@graph\":[{\"@type\":\"WebPage\",\"@id\":\"https:\\\/\\\/perspekt-initiative.de\\\/kontakt\\\/datenschutz\\\/\",\"url\":\"https:\\\/\\\/perspekt-initiative.de\\\/kontakt\\\/datenschutz\\\/\",\"name\":\"Datenschutz - Perspekt Initiative\",\"isPartOf\":{\"@id\":\"https:\\\/\\\/perspekt-initiative.de\\\/#website\"},\"datePublished\":\"2020-03-12T13:34:12+00:00\",\"dateModified\":\"2020-10-09T17:26:31+00:00\",\"breadcrumb\":{\"@id\":\"https:\\\/\\\/perspekt-initiative.de\\\/kontakt\\\/datenschutz\\\/#breadcrumb\"},\"inLanguage\":\"en-GB\",\"potentialAction\":[{\"@type\":\"ReadAction\",\"target\":[\"https:\\\/\\\/perspekt-initiative.de\\\/kontakt\\\/datenschutz\\\/\"]}]},{\"@type\":\"BreadcrumbList\",\"@id\":\"https:\\\/\\\/perspekt-initiative.de\\\/kontakt\\\/datenschutz\\\/#breadcrumb\",\"itemListElement\":[{\"@type\":\"ListItem\",\"position\":1,\"name\":\"Startseite\",\"item\":\"https:\\\/\\\/perspekt-initiative.de\\\/\"},{\"@type\":\"ListItem\",\"position\":2,\"name\":\"Kontakt\",\"item\":\"https:\\\/\\\/perspekt-initiative.de\\\/kontakt\\\/\"},{\"@type\":\"ListItem\",\"position\":3,\"name\":\"Datenschutz\"}]},{\"@type\":\"WebSite\",\"@id\":\"https:\\\/\\\/perspekt-initiative.de\\\/#website\",\"url\":\"https:\\\/\\\/perspekt-initiative.de\\\/\",\"name\":\"Perspekt Initiative\",\"description\":\"\",\"publisher\":{\"@id\":\"https:\\\/\\\/perspekt-initiative.de\\\/#organization\"},\"potentialAction\":[{\"@type\":\"SearchAction\",\"target\":{\"@type\":\"EntryPoint\",\"urlTemplate\":\"https:\\\/\\\/perspekt-initiative.de\\\/?s={search_term_string}\"},\"query-input\":{\"@type\":\"PropertyValueSpecification\",\"valueRequired\":true,\"valueName\":\"search_term_string\"}}],\"inLanguage\":\"en-GB\"},{\"@type\":\"Organization\",\"@id\":\"https:\\\/\\\/perspekt-initiative.de\\\/#organization\",\"name\":\"Perspekt Initiative\",\"url\":\"https:\\\/\\\/perspekt-initiative.de\\\/\",\"logo\":{\"@type\":\"ImageObject\",\"inLanguage\":\"en-GB\",\"@id\":\"https:\\\/\\\/perspekt-initiative.de\\\/#\\\/schema\\\/logo\\\/image\\\/\",\"url\":\"https:\\\/\\\/perspekt-initiative.de\\\/wp-content\\\/uploads\\\/2015\\\/12\\\/Perspekt_Favicon.jpg\",\"contentUrl\":\"https:\\\/\\\/perspekt-initiative.de\\\/wp-content\\\/uploads\\\/2015\\\/12\\\/Perspekt_Favicon.jpg\",\"width\":512,\"height\":512,\"caption\":\"Perspekt Initiative\"},\"image\":{\"@id\":\"https:\\\/\\\/perspekt-initiative.de\\\/#\\\/schema\\\/logo\\\/image\\\/\"}}]}<\/script>\n<!-- \/ Yoast SEO plugin. -->","yoast_head_json":{"title":"Datenschutz - Perspekt Initiative","robots":{"index":"index","follow":"follow","max-snippet":"max-snippet:-1","max-image-preview":"max-image-preview:large","max-video-preview":"max-video-preview:-1"},"canonical":"https:\/\/perspekt-initiative.de\/en\/kontakt\/datenschutz\/","og_locale":"en_GB","og_type":"article","og_title":"Datenschutz - Perspekt Initiative","og_description":"Datenschutzerkl\u00e4rung Allgemeiner Hinweis und Pflichtinformationen Die verantwortliche Stelle f\u00fcr die Datenverarbeitung auf dieser Website ist: Perspekt Initiative gUG (haftungsbeschr\u00e4nkt) Deichstr. 41 20459 Hamburg Die verantwortliche Stelle entscheidet allein oder gemeinsam mit anderen \u00fcber die Zwecke und Mittel der Verarbeitung von personenbezogenen Daten (z.B. Namen, Kontaktdaten o. \u00c4.). Widerruf Ihrer Einwilligung zur Datenverarbeitung Nur mit Ihrer [&hellip;]","og_url":"https:\/\/perspekt-initiative.de\/en\/kontakt\/datenschutz\/","og_site_name":"Perspekt Initiative","article_modified_time":"2020-10-09T17:26:31+00:00","twitter_card":"summary_large_image","twitter_misc":{"Estimated reading time":"5 minutes"},"schema":{"@context":"https:\/\/schema.org","@graph":[{"@type":"WebPage","@id":"https:\/\/perspekt-initiative.de\/kontakt\/datenschutz\/","url":"https:\/\/perspekt-initiative.de\/kontakt\/datenschutz\/","name":"Datenschutz - Perspekt Initiative","isPartOf":{"@id":"https:\/\/perspekt-initiative.de\/#website"},"datePublished":"2020-03-12T13:34:12+00:00","dateModified":"2020-10-09T17:26:31+00:00","breadcrumb":{"@id":"https:\/\/perspekt-initiative.de\/kontakt\/datenschutz\/#breadcrumb"},"inLanguage":"en-GB","potentialAction":[{"@type":"ReadAction","target":["https:\/\/perspekt-initiative.de\/kontakt\/datenschutz\/"]}]},{"@type":"BreadcrumbList","@id":"https:\/\/perspekt-initiative.de\/kontakt\/datenschutz\/#breadcrumb","itemListElement":[{"@type":"ListItem","position":1,"name":"Startseite","item":"https:\/\/perspekt-initiative.de\/"},{"@type":"ListItem","position":2,"name":"Kontakt","item":"https:\/\/perspekt-initiative.de\/kontakt\/"},{"@type":"ListItem","position":3,"name":"Datenschutz"}]},{"@type":"WebSite","@id":"https:\/\/perspekt-initiative.de\/#website","url":"https:\/\/perspekt-initiative.de\/","name":"Perspekt Initiative","description":"","publisher":{"@id":"https:\/\/perspekt-initiative.de\/#organization"},"potentialAction":[{"@type":"SearchAction","target":{"@type":"EntryPoint","urlTemplate":"https:\/\/perspekt-initiative.de\/?s={search_term_string}"},"query-input":{"@type":"PropertyValueSpecification","valueRequired":true,"valueName":"search_term_string"}}],"inLanguage":"en-GB"},{"@type":"Organization","@id":"https:\/\/perspekt-initiative.de\/#organization","name":"Perspekt Initiative","url":"https:\/\/perspekt-initiative.de\/","logo":{"@type":"ImageObject","inLanguage":"en-GB","@id":"https:\/\/perspekt-initiative.de\/#\/schema\/logo\/image\/","url":"https:\/\/perspekt-initiative.de\/wp-content\/uploads\/2015\/12\/Perspekt_Favicon.jpg","contentUrl":"https:\/\/perspekt-initiative.de\/wp-content\/uploads\/2015\/12\/Perspekt_Favicon.jpg","width":512,"height":512,"caption":"Perspekt Initiative"},"image":{"@id":"https:\/\/perspekt-initiative.de\/#\/schema\/logo\/image\/"}}]}},"_links":{"self":[{"href":"https:\/\/perspekt-initiative.de\/en\/wp-json\/wp\/v2\/pages\/5175","targetHints":{"allow":["GET"]}}],"collection":[{"href":"https:\/\/perspekt-initiative.de\/en\/wp-json\/wp\/v2\/pages"}],"about":[{"href":"https:\/\/perspekt-initiative.de\/en\/wp-json\/wp\/v2\/types\/page"}],"author":[{"embeddable":true,"href":"https:\/\/perspekt-initiative.de\/en\/wp-json\/wp\/v2\/users\/1"}],"replies":[{"embeddable":true,"href":"https:\/\/perspekt-initiative.de\/en\/wp-json\/wp\/v2\/comments?post=5175"}],"version-history":[{"count":17,"href":"https:\/\/perspekt-initiative.de\/en\/wp-json\/wp\/v2\/pages\/5175\/revisions"}],"predecessor-version":[{"id":5406,"href":"https:\/\/perspekt-initiative.de\/en\/wp-json\/wp\/v2\/pages\/5175\/revisions\/5406"}],"up":[{"embeddable":true,"href":"https:\/\/perspekt-initiative.de\/en\/wp-json\/wp\/v2\/pages\/5180"}],"wp:attachment":[{"href":"https:\/\/perspekt-initiative.de\/en\/wp-json\/wp\/v2\/media?parent=5175"}],"curies":[{"name":"wp","href":"https:\/\/api.w.org\/{rel}","templated":true}]}}