{"id":5059,"date":"2020-03-08T13:25:04","date_gmt":"2020-03-08T13:25:04","guid":{"rendered":"http:\/\/perspekt-initiative.de\/?page_id=5059"},"modified":"2025-01-29T16:07:38","modified_gmt":"2025-01-29T16:07:38","slug":"wissenschaftlicher-hintergrund","status":"publish","type":"page","link":"https:\/\/perspekt-initiative.de\/en\/wissenschaftlicher-hintergrund\/","title":{"rendered":"Scientific Background"},"content":{"rendered":"<div data-elementor-type=\"wp-page\" data-elementor-id=\"5059\" class=\"elementor elementor-5059\">\n\t\t\t\t\t\t<section class=\"has_eae_slider elementor-section elementor-top-section elementor-element elementor-element-59ed48f elementor-section-boxed elementor-section-height-default elementor-section-height-default\" data-eae-slider=\"23877\" data-id=\"59ed48f\" data-element_type=\"section\" data-e-type=\"section\">\n\t\t\t\t\t\t<div class=\"elementor-container elementor-column-gap-default\">\n\t\t\t\t\t<div class=\"has_eae_slider elementor-column elementor-col-100 elementor-top-column elementor-element elementor-element-d48f5a9 column-style-top column-top\" data-eae-slider=\"68242\" data-id=\"d48f5a9\" data-element_type=\"column\" data-e-type=\"column\">\n\t\t\t<div class=\"elementor-widget-wrap elementor-element-populated\">\n\t\t\t\t\t\t<div class=\"elementor-element elementor-element-c081ccf elementor-widget elementor-widget-spacer\" data-id=\"c081ccf\" data-element_type=\"widget\" data-e-type=\"widget\" data-widget_type=\"spacer.default\">\n\t\t\t\t<div class=\"elementor-widget-container\">\n\t\t\t\t\t\t\t<div class=\"elementor-spacer\">\n\t\t\t<div class=\"elementor-spacer-inner\"><\/div>\n\t\t<\/div>\n\t\t\t\t\t\t<\/div>\n\t\t\t\t<\/div>\n\t\t\t\t\t<\/div>\n\t\t<\/div>\n\t\t\t\t\t<\/div>\n\t\t<\/section>\n\t\t\t\t<section class=\"has_eae_slider elementor-section elementor-top-section elementor-element elementor-element-6672c38 elementor-section-boxed elementor-section-height-default elementor-section-height-default\" data-eae-slider=\"42066\" data-id=\"6672c38\" data-element_type=\"section\" data-e-type=\"section\">\n\t\t\t\t\t\t<div class=\"elementor-container elementor-column-gap-default\">\n\t\t\t\t\t<div class=\"has_eae_slider elementor-column elementor-col-100 elementor-top-column elementor-element elementor-element-e3bf510 column-style-top column-top\" data-eae-slider=\"32748\" data-id=\"e3bf510\" data-element_type=\"column\" data-e-type=\"column\">\n\t\t\t<div class=\"elementor-widget-wrap elementor-element-populated\">\n\t\t\t\t\t\t<div class=\"elementor-element elementor-element-f62fa4b elementor-widget elementor-widget-spacer\" data-id=\"f62fa4b\" data-element_type=\"widget\" data-e-type=\"widget\" data-widget_type=\"spacer.default\">\n\t\t\t\t<div class=\"elementor-widget-container\">\n\t\t\t\t\t\t\t<div class=\"elementor-spacer\">\n\t\t\t<div class=\"elementor-spacer-inner\"><\/div>\n\t\t<\/div>\n\t\t\t\t\t\t<\/div>\n\t\t\t\t<\/div>\n\t\t\t\t\t<\/div>\n\t\t<\/div>\n\t\t\t\t\t<\/div>\n\t\t<\/section>\n\t\t\t\t<section class=\"has_eae_slider elementor-section elementor-top-section elementor-element elementor-element-6b0be25 elementor-section-boxed elementor-section-height-default elementor-section-height-default\" data-eae-slider=\"57209\" data-id=\"6b0be25\" data-element_type=\"section\" data-e-type=\"section\">\n\t\t\t\t\t\t<div class=\"elementor-container elementor-column-gap-default\">\n\t\t\t\t\t<div class=\"has_eae_slider elementor-column elementor-col-100 elementor-top-column elementor-element elementor-element-6eab55c column-style-top column-top\" data-eae-slider=\"44816\" data-id=\"6eab55c\" data-element_type=\"column\" data-e-type=\"column\">\n\t\t\t<div class=\"elementor-widget-wrap elementor-element-populated\">\n\t\t\t\t\t\t<div class=\"elementor-element elementor-element-282e64c elementor-widget elementor-widget-heading\" data-id=\"282e64c\" data-element_type=\"widget\" data-e-type=\"widget\" data-widget_type=\"heading.default\">\n\t\t\t\t<div class=\"elementor-widget-container\">\n\t\t\t\t\t<h1 class=\"elementor-heading-title elementor-size-default\">Scientific Background<\/h1>\t\t\t\t<\/div>\n\t\t\t\t<\/div>\n\t\t\t\t\t<\/div>\n\t\t<\/div>\n\t\t\t\t\t<\/div>\n\t\t<\/section>\n\t\t\t\t<section class=\"has_eae_slider elementor-section elementor-top-section elementor-element elementor-element-7136200 elementor-section-boxed elementor-section-height-default elementor-section-height-default\" data-eae-slider=\"41741\" data-id=\"7136200\" data-element_type=\"section\" data-e-type=\"section\">\n\t\t\t\t\t\t<div class=\"elementor-container elementor-column-gap-default\">\n\t\t\t\t\t<div class=\"has_eae_slider elementor-column elementor-col-50 elementor-top-column elementor-element elementor-element-e273c39 column-style-top column-top\" data-eae-slider=\"59600\" data-id=\"e273c39\" data-element_type=\"column\" data-e-type=\"column\">\n\t\t\t<div class=\"elementor-widget-wrap elementor-element-populated\">\n\t\t\t\t\t\t<div class=\"elementor-element elementor-element-21d6699 elementor-widget elementor-widget-text-editor\" data-id=\"21d6699\" data-element_type=\"widget\" data-e-type=\"widget\" data-widget_type=\"text-editor.default\">\n\t\t\t\t<div class=\"elementor-widget-container\">\n\t\t\t\t\t\t\t\t\t<div>Perspekt Workshops basieren wissenschaftlich vorrangig auf Erkenntnissen aus der Sozialpsychologie und Friedens- und Konfliktforschung. Unsere Workshops verfolgen in erster Linie das Ziel, Verst\u00e4ndnis zu st\u00e4rken und Stereotype und Vorurteile abzubauen. Hierf\u00fcr nutzen wir Kontakttheorie und Theorien hybrider Identit\u00e4t und entwickeln passende, wissenschaftlich fundierte Methoden. Unser Ziel ist, einen Beitrag zu einer Gesellschaft zu leisten, in der es weniger identit\u00e4tsbasierte Konflikte innerhalb und zwischen Gruppen gibt. Zugleich wollen wir die Kooperationsf\u00e4higkeit und Ambiguit\u00e4tstoleranz unserer Teilnehmenden st\u00e4rken.<\/div><div>\u00a0<\/div><p>Pedagogic inspiration for our work is drawn from a number of approaches, such as anti-bias, nonviolent communication and intercultural pedagogy of migration.<\/p>\t\t\t\t\t\t\t\t<\/div>\n\t\t\t\t<\/div>\n\t\t\t\t\t<\/div>\n\t\t<\/div>\n\t\t\t\t<div class=\"has_eae_slider elementor-column elementor-col-50 elementor-top-column elementor-element elementor-element-93f416d column-style-top column-top\" data-eae-slider=\"4934\" data-id=\"93f416d\" data-element_type=\"column\" data-e-type=\"column\">\n\t\t\t<div class=\"elementor-widget-wrap elementor-element-populated\">\n\t\t\t\t\t\t<div class=\"elementor-element elementor-element-7bb1be0 elementor-widget elementor-widget-image\" data-id=\"7bb1be0\" data-element_type=\"widget\" data-e-type=\"widget\" data-widget_type=\"image.default\">\n\t\t\t\t<div class=\"elementor-widget-container\">\n\t\t\t\t\t\t\t\t\t\t\t\t\t\t\t<img fetchpriority=\"high\" decoding=\"async\" width=\"900\" height=\"599\" src=\"https:\/\/perspekt-initiative.de\/wp-content\/uploads\/2020\/03\/Woman-Book-Shelves_Radu-Marcusu-1024x681.jpg\" class=\"attachment-large size-large wp-image-5128\" alt=\"Wissenschaftliche Grundlagen\" \/>\t\t\t\t\t\t\t\t\t\t\t\t\t\t\t<\/div>\n\t\t\t\t<\/div>\n\t\t\t\t\t<\/div>\n\t\t<\/div>\n\t\t\t\t\t<\/div>\n\t\t<\/section>\n\t\t\t\t<\/div>","protected":false},"excerpt":{"rendered":"<p>Wissenschaftlicher Hintergrund Perspekt Workshops basieren wissenschaftlich vorrangig auf Erkenntnissen aus der Sozialpsychologie und Friedens- und Konfliktforschung. Unsere Workshops verfolgen in erster Linie das Ziel, Verst\u00e4ndnis zu st\u00e4rken und Stereotype und Vorurteile abzubauen. Hierf\u00fcr nutzen wir Kontakttheorie und Theorien hybrider Identit\u00e4t und entwickeln passende, wissenschaftlich fundierte Methoden. Unser Ziel ist, einen Beitrag zu einer Gesellschaft zu [&hellip;]<\/p>\n","protected":false},"author":1,"featured_media":0,"parent":0,"menu_order":0,"comment_status":"closed","ping_status":"closed","template":"","meta":{"footnotes":""},"class_list":["post-5059","page","type-page","status-publish","hentry"],"yoast_head":"<!-- This site is optimized with the Yoast SEO plugin v27.4 - https:\/\/yoast.com\/product\/yoast-seo-wordpress\/ -->\n<title>Wissenschaftlicher Hintergrund - Perspekt Initiative<\/title>\n<meta name=\"robots\" content=\"index, follow, max-snippet:-1, max-image-preview:large, max-video-preview:-1\" \/>\n<link rel=\"canonical\" href=\"https:\/\/perspekt-initiative.de\/en\/wissenschaftlicher-hintergrund\/\" \/>\n<meta property=\"og:locale\" content=\"en_GB\" \/>\n<meta property=\"og:type\" content=\"article\" \/>\n<meta property=\"og:title\" content=\"Wissenschaftlicher Hintergrund - Perspekt Initiative\" \/>\n<meta property=\"og:description\" content=\"Wissenschaftlicher Hintergrund Perspekt Workshops basieren wissenschaftlich vorrangig auf Erkenntnissen aus der Sozialpsychologie und Friedens- und Konfliktforschung. Unsere Workshops verfolgen in erster Linie das Ziel, Verst\u00e4ndnis zu st\u00e4rken und Stereotype und Vorurteile abzubauen. Hierf\u00fcr nutzen wir Kontakttheorie und Theorien hybrider Identit\u00e4t und entwickeln passende, wissenschaftlich fundierte Methoden. Unser Ziel ist, einen Beitrag zu einer Gesellschaft zu [&hellip;]\" \/>\n<meta property=\"og:url\" content=\"https:\/\/perspekt-initiative.de\/en\/wissenschaftlicher-hintergrund\/\" \/>\n<meta property=\"og:site_name\" content=\"Perspekt Initiative\" \/>\n<meta property=\"article:modified_time\" content=\"2025-01-29T16:07:38+00:00\" \/>\n<meta property=\"og:image\" content=\"https:\/\/perspekt-initiative.de\/wp-content\/uploads\/2020\/03\/Woman-Book-Shelves_Radu-Marcusu-scaled.jpg\" \/>\n\t<meta property=\"og:image:width\" content=\"2560\" \/>\n\t<meta property=\"og:image:height\" content=\"1702\" \/>\n\t<meta property=\"og:image:type\" content=\"image\/jpeg\" \/>\n<meta name=\"twitter:card\" content=\"summary_large_image\" \/>\n<meta name=\"twitter:label1\" content=\"Estimated reading time\" \/>\n\t<meta name=\"twitter:data1\" content=\"1 minute\" \/>\n<script type=\"application\/ld+json\" class=\"yoast-schema-graph\">{\"@context\":\"https:\\\/\\\/schema.org\",\"@graph\":[{\"@type\":\"WebPage\",\"@id\":\"https:\\\/\\\/perspekt-initiative.de\\\/wissenschaftlicher-hintergrund\\\/\",\"url\":\"https:\\\/\\\/perspekt-initiative.de\\\/wissenschaftlicher-hintergrund\\\/\",\"name\":\"Wissenschaftlicher Hintergrund - Perspekt Initiative\",\"isPartOf\":{\"@id\":\"https:\\\/\\\/perspekt-initiative.de\\\/#website\"},\"primaryImageOfPage\":{\"@id\":\"https:\\\/\\\/perspekt-initiative.de\\\/wissenschaftlicher-hintergrund\\\/#primaryimage\"},\"image\":{\"@id\":\"https:\\\/\\\/perspekt-initiative.de\\\/wissenschaftlicher-hintergrund\\\/#primaryimage\"},\"thumbnailUrl\":\"https:\\\/\\\/perspekt-initiative.de\\\/wp-content\\\/uploads\\\/2020\\\/03\\\/Woman-Book-Shelves_Radu-Marcusu-1024x681.jpg\",\"datePublished\":\"2020-03-08T13:25:04+00:00\",\"dateModified\":\"2025-01-29T16:07:38+00:00\",\"breadcrumb\":{\"@id\":\"https:\\\/\\\/perspekt-initiative.de\\\/wissenschaftlicher-hintergrund\\\/#breadcrumb\"},\"inLanguage\":\"en-GB\",\"potentialAction\":[{\"@type\":\"ReadAction\",\"target\":[\"https:\\\/\\\/perspekt-initiative.de\\\/wissenschaftlicher-hintergrund\\\/\"]}]},{\"@type\":\"ImageObject\",\"inLanguage\":\"en-GB\",\"@id\":\"https:\\\/\\\/perspekt-initiative.de\\\/wissenschaftlicher-hintergrund\\\/#primaryimage\",\"url\":\"https:\\\/\\\/perspekt-initiative.de\\\/wp-content\\\/uploads\\\/2020\\\/03\\\/Woman-Book-Shelves_Radu-Marcusu-1024x681.jpg\",\"contentUrl\":\"https:\\\/\\\/perspekt-initiative.de\\\/wp-content\\\/uploads\\\/2020\\\/03\\\/Woman-Book-Shelves_Radu-Marcusu-1024x681.jpg\"},{\"@type\":\"BreadcrumbList\",\"@id\":\"https:\\\/\\\/perspekt-initiative.de\\\/wissenschaftlicher-hintergrund\\\/#breadcrumb\",\"itemListElement\":[{\"@type\":\"ListItem\",\"position\":1,\"name\":\"Startseite\",\"item\":\"https:\\\/\\\/perspekt-initiative.de\\\/\"},{\"@type\":\"ListItem\",\"position\":2,\"name\":\"Wissenschaftlicher Hintergrund\"}]},{\"@type\":\"WebSite\",\"@id\":\"https:\\\/\\\/perspekt-initiative.de\\\/#website\",\"url\":\"https:\\\/\\\/perspekt-initiative.de\\\/\",\"name\":\"Perspekt Initiative\",\"description\":\"\",\"publisher\":{\"@id\":\"https:\\\/\\\/perspekt-initiative.de\\\/#organization\"},\"potentialAction\":[{\"@type\":\"SearchAction\",\"target\":{\"@type\":\"EntryPoint\",\"urlTemplate\":\"https:\\\/\\\/perspekt-initiative.de\\\/?s={search_term_string}\"},\"query-input\":{\"@type\":\"PropertyValueSpecification\",\"valueRequired\":true,\"valueName\":\"search_term_string\"}}],\"inLanguage\":\"en-GB\"},{\"@type\":\"Organization\",\"@id\":\"https:\\\/\\\/perspekt-initiative.de\\\/#organization\",\"name\":\"Perspekt Initiative\",\"url\":\"https:\\\/\\\/perspekt-initiative.de\\\/\",\"logo\":{\"@type\":\"ImageObject\",\"inLanguage\":\"en-GB\",\"@id\":\"https:\\\/\\\/perspekt-initiative.de\\\/#\\\/schema\\\/logo\\\/image\\\/\",\"url\":\"https:\\\/\\\/perspekt-initiative.de\\\/wp-content\\\/uploads\\\/2015\\\/12\\\/Perspekt_Favicon.jpg\",\"contentUrl\":\"https:\\\/\\\/perspekt-initiative.de\\\/wp-content\\\/uploads\\\/2015\\\/12\\\/Perspekt_Favicon.jpg\",\"width\":512,\"height\":512,\"caption\":\"Perspekt Initiative\"},\"image\":{\"@id\":\"https:\\\/\\\/perspekt-initiative.de\\\/#\\\/schema\\\/logo\\\/image\\\/\"}}]}<\/script>\n<!-- \/ Yoast SEO plugin. -->","yoast_head_json":{"title":"Wissenschaftlicher Hintergrund - Perspekt Initiative","robots":{"index":"index","follow":"follow","max-snippet":"max-snippet:-1","max-image-preview":"max-image-preview:large","max-video-preview":"max-video-preview:-1"},"canonical":"https:\/\/perspekt-initiative.de\/en\/wissenschaftlicher-hintergrund\/","og_locale":"en_GB","og_type":"article","og_title":"Wissenschaftlicher Hintergrund - Perspekt Initiative","og_description":"Wissenschaftlicher Hintergrund Perspekt Workshops basieren wissenschaftlich vorrangig auf Erkenntnissen aus der Sozialpsychologie und Friedens- und Konfliktforschung. Unsere Workshops verfolgen in erster Linie das Ziel, Verst\u00e4ndnis zu st\u00e4rken und Stereotype und Vorurteile abzubauen. Hierf\u00fcr nutzen wir Kontakttheorie und Theorien hybrider Identit\u00e4t und entwickeln passende, wissenschaftlich fundierte Methoden. Unser Ziel ist, einen Beitrag zu einer Gesellschaft zu [&hellip;]","og_url":"https:\/\/perspekt-initiative.de\/en\/wissenschaftlicher-hintergrund\/","og_site_name":"Perspekt Initiative","article_modified_time":"2025-01-29T16:07:38+00:00","og_image":[{"width":2560,"height":1702,"url":"https:\/\/perspekt-initiative.de\/wp-content\/uploads\/2020\/03\/Woman-Book-Shelves_Radu-Marcusu-scaled.jpg","type":"image\/jpeg"}],"twitter_card":"summary_large_image","twitter_misc":{"Estimated reading time":"1 minute"},"schema":{"@context":"https:\/\/schema.org","@graph":[{"@type":"WebPage","@id":"https:\/\/perspekt-initiative.de\/wissenschaftlicher-hintergrund\/","url":"https:\/\/perspekt-initiative.de\/wissenschaftlicher-hintergrund\/","name":"Wissenschaftlicher Hintergrund - Perspekt Initiative","isPartOf":{"@id":"https:\/\/perspekt-initiative.de\/#website"},"primaryImageOfPage":{"@id":"https:\/\/perspekt-initiative.de\/wissenschaftlicher-hintergrund\/#primaryimage"},"image":{"@id":"https:\/\/perspekt-initiative.de\/wissenschaftlicher-hintergrund\/#primaryimage"},"thumbnailUrl":"https:\/\/perspekt-initiative.de\/wp-content\/uploads\/2020\/03\/Woman-Book-Shelves_Radu-Marcusu-1024x681.jpg","datePublished":"2020-03-08T13:25:04+00:00","dateModified":"2025-01-29T16:07:38+00:00","breadcrumb":{"@id":"https:\/\/perspekt-initiative.de\/wissenschaftlicher-hintergrund\/#breadcrumb"},"inLanguage":"en-GB","potentialAction":[{"@type":"ReadAction","target":["https:\/\/perspekt-initiative.de\/wissenschaftlicher-hintergrund\/"]}]},{"@type":"ImageObject","inLanguage":"en-GB","@id":"https:\/\/perspekt-initiative.de\/wissenschaftlicher-hintergrund\/#primaryimage","url":"https:\/\/perspekt-initiative.de\/wp-content\/uploads\/2020\/03\/Woman-Book-Shelves_Radu-Marcusu-1024x681.jpg","contentUrl":"https:\/\/perspekt-initiative.de\/wp-content\/uploads\/2020\/03\/Woman-Book-Shelves_Radu-Marcusu-1024x681.jpg"},{"@type":"BreadcrumbList","@id":"https:\/\/perspekt-initiative.de\/wissenschaftlicher-hintergrund\/#breadcrumb","itemListElement":[{"@type":"ListItem","position":1,"name":"Startseite","item":"https:\/\/perspekt-initiative.de\/"},{"@type":"ListItem","position":2,"name":"Wissenschaftlicher Hintergrund"}]},{"@type":"WebSite","@id":"https:\/\/perspekt-initiative.de\/#website","url":"https:\/\/perspekt-initiative.de\/","name":"Perspekt Initiative","description":"","publisher":{"@id":"https:\/\/perspekt-initiative.de\/#organization"},"potentialAction":[{"@type":"SearchAction","target":{"@type":"EntryPoint","urlTemplate":"https:\/\/perspekt-initiative.de\/?s={search_term_string}"},"query-input":{"@type":"PropertyValueSpecification","valueRequired":true,"valueName":"search_term_string"}}],"inLanguage":"en-GB"},{"@type":"Organization","@id":"https:\/\/perspekt-initiative.de\/#organization","name":"Perspekt Initiative","url":"https:\/\/perspekt-initiative.de\/","logo":{"@type":"ImageObject","inLanguage":"en-GB","@id":"https:\/\/perspekt-initiative.de\/#\/schema\/logo\/image\/","url":"https:\/\/perspekt-initiative.de\/wp-content\/uploads\/2015\/12\/Perspekt_Favicon.jpg","contentUrl":"https:\/\/perspekt-initiative.de\/wp-content\/uploads\/2015\/12\/Perspekt_Favicon.jpg","width":512,"height":512,"caption":"Perspekt Initiative"},"image":{"@id":"https:\/\/perspekt-initiative.de\/#\/schema\/logo\/image\/"}}]}},"_links":{"self":[{"href":"https:\/\/perspekt-initiative.de\/en\/wp-json\/wp\/v2\/pages\/5059","targetHints":{"allow":["GET"]}}],"collection":[{"href":"https:\/\/perspekt-initiative.de\/en\/wp-json\/wp\/v2\/pages"}],"about":[{"href":"https:\/\/perspekt-initiative.de\/en\/wp-json\/wp\/v2\/types\/page"}],"author":[{"embeddable":true,"href":"https:\/\/perspekt-initiative.de\/en\/wp-json\/wp\/v2\/users\/1"}],"replies":[{"embeddable":true,"href":"https:\/\/perspekt-initiative.de\/en\/wp-json\/wp\/v2\/comments?post=5059"}],"version-history":[{"count":20,"href":"https:\/\/perspekt-initiative.de\/en\/wp-json\/wp\/v2\/pages\/5059\/revisions"}],"predecessor-version":[{"id":5757,"href":"https:\/\/perspekt-initiative.de\/en\/wp-json\/wp\/v2\/pages\/5059\/revisions\/5757"}],"wp:attachment":[{"href":"https:\/\/perspekt-initiative.de\/en\/wp-json\/wp\/v2\/media?parent=5059"}],"curies":[{"name":"wp","href":"https:\/\/api.w.org\/{rel}","templated":true}]}}